{"id":1891,"date":"2018-12-24T11:18:59","date_gmt":"2018-12-24T11:18:59","guid":{"rendered":"http:\/\/cannabis.bold-themes.com\/main-demo\/?page_id=1891"},"modified":"2026-01-10T00:39:24","modified_gmt":"2026-01-09T23:39:24","slug":"special-offers","status":"publish","type":"page","link":"https:\/\/csc-westfalen.de\/?page_id=1891","title":{"rendered":"Special Offers"},"content":{"rendered":"<p><section data-bb-version=\"5.5.3\" id=\"bt_bb_section69d7a67a75f93\" class=\"bt_bb_section bt_bb_color_scheme_1 bt_bb_layout_boxed_1200 bt_bb_vertical_align_middle bt_bb_top_spacing_large bt_bb_bottom_spacing_extra_large\" style=\"; --section-primary-color:#ffffff; --section-secondary-color:#191919;\" data-bt-override-class=\"{&quot;bt_bb_bottom_spacing_&quot;:{&quot;current_class&quot;:&quot;bt_bb_bottom_spacing_extra_large&quot;,&quot;def&quot;:&quot;extra_large&quot;}}\"><div class=\"bt_bb_background_image_holder_wrapper\"><div class=\"bt_bb_background_image_holder bt_bb_parallax\"  data-parallax=\"0.7\" data-parallax-offset=\"0\" data-parallax-zoom-start=\"1\" data-parallax-zoom-end=\"1\" data-parallax-blur-start=\"0\" data-parallax-blur-end=\"0\" data-parallax-opacity-start=\"1\" data-parallax-opacity-end=\"1\" style=\" background-image:url(&#039;https:\/\/csc-westfalen.de\/wp-content\/uploads\/2025\/10\/hero_home_01.jpg&#039;);\"><\/div><\/div><div class=\"bt_bb_port\"><div class=\"bt_bb_cell\"><div class=\"bt_bb_cell_inner\"><div class=\"bt_bb_row \"  data-bt-override-class=\"{}\"><div class=\"bt_bb_row_holder\" ><div  class=\"bt_bb_column col-xxl-6 col-xl-6 bt_bb_vertical_align_middle bt_bb_align_left bt_bb_padding_normal bt_bb_animation_fade_in animate\" style=\"; --column-width:6;\" data-width=\"6\" data-bt-override-class=\"{}\"><div class=\"bt_bb_column_content\"><div class=\"bt_bb_column_content_inner\"><div class=\"bt_bb_separator bt_bb_border_style_none bt_bb_bottom_spacing_large bt_bb_hidden_xs bt_bb_hidden_ms bt_bb_hidden_sm\" data-bt-override-class=\"null\"><\/div><header data-bb-version=\"5.5.3\" class=\"bt_bb_headline bt_bb_dash_none bt_bb_size_large bt_bb_superheadline bt_bb_subheadline bt_bb_align_inherit\" data-bt-override-class=\"{&quot;bt_bb_size_&quot;:{&quot;current_class&quot;:&quot;bt_bb_size_large&quot;,&quot;def&quot;:&quot;large&quot;}}\"><h4><span class=\"bt_bb_headline_superheadline\">Nach Lizenzerteilung durch die Beh\u00f6rde:<\/span><span class=\"bt_bb_headline_content\"><span >Abgabe an Mitglieder<\/span><\/span><\/h4><div class=\"bt_bb_headline_subheadline\">Mitglieder k\u00f6nnen ab 1g legales Cannabis oder ein Loyalty Pack w\u00e4hlen. Abholung in unserer Abgabestelle in Bornstr. 288, 44145 Dortmund.<\/div><\/header><\/div><\/div><\/div><div  class=\"bt_bb_column col-xxl-6 col-xl-6 bt_bb_vertical_align_top bt_bb_align_left bt_bb_padding_normal\" style=\"; --column-width:6;\" data-width=\"6\" data-bt-override-class=\"{}\"><div class=\"bt_bb_column_content\"><div class=\"bt_bb_column_content_inner\"><\/div><\/div><\/div><\/div><\/div><\/div><!-- cell_inner --><\/div><!-- cell --><\/div><!-- port --><\/section><section data-bb-version=\"5.5.3\" id=\"bt_bb_section69d7a67a7621d\" class=\"bt_bb_section bt_bb_layout_boxed_1200 bt_bb_negative_margin_large\"  data-bt-override-class=\"null\"><div class=\"bt_bb_port\"><div class=\"bt_bb_cell\"><div class=\"bt_bb_cell_inner\"><div data-bb-version=\"5.5.3\" class=\"bt_bb_row bt_bb_row_width_boxed_1200 bt_bb_row_width_boxed  bt_bb_shadow_visible\"  data-bt-override-class=\"{}\"><div class=\"bt_bb_row_holder\" ><div data-bb-version=\"5.5.3\"  class=\"bt_bb_column col-xxl-12 col-xl-12 col-xs-12 col-sm-12 col-md-12 col-lg-12 bt_bb_vertical_align_top bt_bb_align_left bt_bb_padding_normal\" style=\"; --column-width:12;\" data-width=\"12\" data-bt-override-class=\"{}\"><div class=\"bt_bb_column_content\" style=\"background-color:rgb(0,107,46);\"><div class=\"bt_bb_column_content_inner\"><div data-bb-version=\"5.5.3\" class=\"bt_bb_image bt_bb_shape_square bt_bb_target_self bt_bb_align_center bt_bb_hover_style_simple bt_bb_content_display_always bt_bb_content_align_middle\" data-bt-override-class=\"{&quot;bt_bb_align_&quot;:{&quot;current_class&quot;:&quot;bt_bb_align_center&quot;,&quot;def&quot;:&quot;center&quot;},&quot;bt_bb_content_display_&quot;:{&quot;current_class&quot;:&quot;bt_bb_content_display_always&quot;,&quot;def&quot;:&quot;always&quot;}}\"><span><img loading=\"lazy\" decoding=\"async\" width=\"1317\" height=\"999\" src=\"https:\/\/csc-westfalen.de\/wp-content\/uploads\/2026\/01\/Unbenannt-2.jpg\" class=\"attachment-full size-full\" alt=\"https:\/\/csc-westfalen.de\/wp-content\/uploads\/2026\/01\/Unbenannt-2.jpg\" data-full_image_src=\"https:\/\/csc-westfalen.de\/wp-content\/uploads\/2026\/01\/Unbenannt-2.jpg\" title=\"Unbenannt-2\" srcset=\"https:\/\/csc-westfalen.de\/wp-content\/uploads\/2026\/01\/Unbenannt-2.jpg 1317w, https:\/\/csc-westfalen.de\/wp-content\/uploads\/2026\/01\/Unbenannt-2-640x485.jpg 640w, https:\/\/csc-westfalen.de\/wp-content\/uploads\/2026\/01\/Unbenannt-2-1280x971.jpg 1280w, https:\/\/csc-westfalen.de\/wp-content\/uploads\/2026\/01\/Unbenannt-2-768x583.jpg 768w, https:\/\/csc-westfalen.de\/wp-content\/uploads\/2026\/01\/Unbenannt-2-320x243.jpg 320w\" sizes=\"auto, (max-width: 1317px) 100vw, 1317px\" \/><\/span><\/div><\/div><\/div><\/div><\/div><\/div><\/div><!-- cell_inner --><\/div><!-- cell --><\/div><!-- port --><\/section><section data-bb-version=\"5.5.3\" id=\"bt_bb_section69d7a67a768d6\" class=\"bt_bb_section bt_bb_layout_boxed_1200 bt_bb_top_spacing_medium\"  data-bt-override-class=\"{&quot;bt_bb_top_spacing_&quot;:{&quot;current_class&quot;:&quot;bt_bb_top_spacing_medium&quot;,&quot;def&quot;:&quot;medium&quot;}}\"><div class=\"bt_bb_port\"><div class=\"bt_bb_cell\"><div class=\"bt_bb_cell_inner\"><div class=\"bt_bb_row \"  data-bt-override-class=\"{}\"><div class=\"bt_bb_row_holder\" ><div data-bb-version=\"5.5.3\"  class=\"bt_bb_column col-xxl-12 col-xl-12 col-xs-12 col-sm-12 col-md-12 col-lg-12 bt_bb_vertical_align_top bt_bb_align_center bt_bb_padding_normal\" style=\"; --column-width:12;\" data-width=\"12\" data-bt-override-class=\"{&quot;bt_bb_align_&quot;:{&quot;current_class&quot;:&quot;bt_bb_align_center&quot;,&quot;def&quot;:&quot;center&quot;}}\"><div class=\"bt_bb_column_content\"><div class=\"bt_bb_column_content_inner\"><header data-bb-version=\"5.5.3\" class=\"bt_bb_headline bt_bb_color_scheme_3 bt_bb_dash_none bt_bb_size_large bt_bb_superheadline bt_bb_align_center\" style=\"; --headline-primary-color:#3b7a00; --headline-secondary-color:#191919;\" data-bt-override-class=\"{&quot;bt_bb_align_&quot;:{&quot;current_class&quot;:&quot;bt_bb_align_center&quot;,&quot;def&quot;:&quot;center&quot;}}\"><h2><span class=\"bt_bb_headline_superheadline\">F\u00fcr Vereinsmitglieder<\/span><span class=\"bt_bb_headline_content\"><span >Abgabe ab 1 Gramm<\/span><\/span><\/h2><\/header><div data-bb-version=\"5.5.3\" class=\"bt_bb_separator bt_bb_border_style_none bt_bb_top_spacing_extra_small bt_bb_bottom_spacing_extra_small\" data-bt-override-class=\"{&quot;bt_bb_top_spacing_&quot;:{&quot;current_class&quot;:&quot;bt_bb_top_spacing_extra_small&quot;,&quot;def&quot;:&quot;extra_small&quot;},&quot;bt_bb_bottom_spacing_&quot;:{&quot;current_class&quot;:&quot;bt_bb_bottom_spacing_extra_small&quot;,&quot;def&quot;:&quot;extra_small&quot;}}\"><\/div><div  class=\"bt_bb_text\" ><\/p>\n<p><center><\/p>\n<p data-start=\"326\" data-end=\"658\">In unserem Verein legen wir Wert auf einen fairen und bedarfsgerechten Zugang f\u00fcr unsere vollj\u00e4hrigen Mitglieder. Deshalb verzichten wir bewusst auf hohe Mindestabgabemengen. Bereits kleine Abgabemengen sind m\u00f6glich, um auch Mitglieder mit geringem monatlichem Konsum zu ber\u00fccksichtigen \u2013 ebenso wie Mitglieder mit h\u00f6herem Bedarf.<\/p>\n<p data-start=\"665\" data-end=\"825\">Die Sortenauswahl erfolgt flexibel und individuell. Die Abgabemengen richten sich dabei stets nach den gesetzlichen Vorgaben und den vereinsinternen Regelungen.<\/p>\n<p><\/center><\/p>\n<p>\n<\/div><div data-bb-version=\"5.5.3\" class=\"bt_bb_separator bt_bb_border_style_solid bt_bb_top_spacing_medium bt_bb_bottom_spacing_medium\" data-bt-override-class=\"{&quot;bt_bb_top_spacing_&quot;:{&quot;current_class&quot;:&quot;bt_bb_top_spacing_medium&quot;,&quot;def&quot;:&quot;medium&quot;},&quot;bt_bb_bottom_spacing_&quot;:{&quot;current_class&quot;:&quot;bt_bb_bottom_spacing_medium&quot;,&quot;def&quot;:&quot;medium&quot;}}\"><\/div><header data-bb-version=\"5.5.3\" class=\"bt_bb_headline bt_bb_color_scheme_4 bt_bb_dash_none bt_bb_size_large bt_bb_align_center\" style=\"; --headline-primary-color:#3b7a00; --headline-secondary-color:#ffffff;\" data-bt-override-class=\"{&quot;bt_bb_align_&quot;:{&quot;current_class&quot;:&quot;bt_bb_align_center&quot;,&quot;def&quot;:&quot;center&quot;}}\"><h2><span class=\"bt_bb_headline_content\"><span >Loyalty Packs<\/span><\/span><\/h2><\/header><div data-bb-version=\"5.5.3\" class=\"bt_bb_separator bt_bb_border_style_none bt_bb_top_spacing_extra_small bt_bb_bottom_spacing_extra_small\" data-bt-override-class=\"{&quot;bt_bb_top_spacing_&quot;:{&quot;current_class&quot;:&quot;bt_bb_top_spacing_extra_small&quot;,&quot;def&quot;:&quot;extra_small&quot;},&quot;bt_bb_bottom_spacing_&quot;:{&quot;current_class&quot;:&quot;bt_bb_bottom_spacing_extra_small&quot;,&quot;def&quot;:&quot;extra_small&quot;}}\"><\/div><div  class=\"bt_bb_text\" ><\/p>\n<p>\u00a0<\/p>\n<p data-start=\"145\" data-end=\"192\">Du hast einen konstanten, monatlichen Bedarf?<\/p>\n<p data-start=\"199\" data-end=\"443\">In unserem Verein hast du als vollj\u00e4hriges Mitglied die M\u00f6glichkeit, deine gew\u00fcnschte Sorte und Menge bequem und unkompliziert im Voraus zu reservieren. Die Sortenauswahl ist dabei flexibel und kann monatlich individuell angepasst werden.<\/p>\n<p data-start=\"450\" data-end=\"566\">Hierf\u00fcr stehen dir unsere Loyalty-Pakete zur Verf\u00fcgung, die eine verl\u00e4ssliche und planbare Versorgung erm\u00f6glichen.<\/p>\n<p data-start=\"573\" data-end=\"732\">Aufgrund gesetzlicher Vorgaben k\u00f6nnen Informationen zu den Preisen der jeweiligen Pakete erst nach Eingang deiner Mitgliedschaftsanfrage bereitgestellt werden.<\/p>\n<p>\u00a0<\/p>\n<p>\n<\/div><\/div><\/div><\/div><\/div><\/div><\/div><!-- cell_inner --><\/div><!-- cell --><\/div><!-- port --><\/section><section data-bb-version=\"5.5.3\" id=\"bt_bb_section69d7a67a76bf8\" class=\"bt_bb_section bt_bb_layout_boxed_1200 bt_bb_vertical_align_top bt_bb_top_spacing_medium bt_bb_bottom_spacing_large\"  data-bt-override-class=\"{&quot;bt_bb_top_spacing_&quot;:{&quot;current_class&quot;:&quot;bt_bb_top_spacing_medium&quot;,&quot;def&quot;:&quot;medium&quot;}}\"><div class=\"bt_bb_port\"><div class=\"bt_bb_cell\"><div class=\"bt_bb_cell_inner\"><div class=\"bt_bb_row \"  data-bt-override-class=\"{}\"><div class=\"bt_bb_row_holder\" ><div  class=\"bt_bb_column col-xxl-3 col-xl-3 bt_bb_vertical_align_top bt_bb_align_left bt_bb_padding_normal\" style=\"; --column-width:3;\" data-width=\"3\" data-bt-override-class=\"{}\"><div class=\"bt_bb_column_content\"><div class=\"bt_bb_column_content_inner\"><\/div><\/div><\/div><div  class=\"bt_bb_column col-xxl-6 col-xl-6 bt_bb_vertical_align_top bt_bb_align_center bt_bb_padding_normal bt_bb_animation_fade_in animate\" style=\"; --column-width:6;\" data-width=\"6\" data-bt-override-class=\"{}\"><div class=\"bt_bb_column_content\"><div class=\"bt_bb_column_content_inner\"><\/div><\/div><\/div><div  class=\"bt_bb_column col-xxl-3 col-xl-3 bt_bb_vertical_align_top bt_bb_align_left bt_bb_padding_normal\" style=\"; --column-width:3;\" data-width=\"3\" data-bt-override-class=\"{}\"><div class=\"bt_bb_column_content\"><div class=\"bt_bb_column_content_inner\"><\/div><\/div><\/div><\/div><\/div><div class=\"bt_bb_row \"  data-bt-override-class=\"{}\"><div class=\"bt_bb_row_holder\" ><div  class=\"bt_bb_column col-xxl-4 col-xl-4 bt_bb_vertical_align_top bt_bb_align_center bt_bb_padding_normal bt_bb_animation_fade_in animate\" style=\"; --column-width:4;\" data-width=\"4\" data-bt-override-class=\"{}\"><div class=\"bt_bb_column_content\" style=\"background-color:rgba(255, 255, 255, 1);\"><div class=\"bt_bb_column_content_inner\"><div data-bb-version=\"5.5.3\" class=\"bt_bb_price_list bt_bb_color_scheme_1\" style=\"; --price-list-primary-color:#ffffff; --price-list-secondary-color:#191919;\"><div class=\"bt_bb_price_list_content\" ><div class=\"bt_bb_price_list_title\">JEDEN MONAT 20+ GRAMM<\/div><div class=\"bt_bb_price_list_price\"><span class=\"bt_bb_price_list_currency\"><\/span><span class=\"bt_bb_price_list_amount\">Black<\/span><span class=\"bt_bb_price_list_price_text\">Loyalty Pack<\/span><\/div><div class=\"bt_bb_price_list_subtitle\">min. 20g feste Abnahme pro Monat. Alle Sorten nach Wunsch. W\u00e4hlbar ab 3 Monate Laufzeit.<\/div><\/div><ul><li class=\"included\">20g+ jeden Monat<br \/><\/li><li class=\"included\">Member Bonus<br \/><\/li><li class=\"excluded\">Keine Cali-Strains<br \/><\/li><li class=\"excluded\">Teste als eine*r der Ersten neue Sorten<\/li><\/ul><\/div><\/div><\/div><\/div><div  class=\"bt_bb_column col-xxl-4 col-xl-4 bt_bb_vertical_align_top bt_bb_align_center bt_bb_padding_normal bt_bb_animation_fade_in animate\" style=\"; --column-width:4;\" data-width=\"4\" data-bt-override-class=\"{}\"><div class=\"bt_bb_column_content\" style=\"background-color:rgba(255, 255, 255, 1);\"><div class=\"bt_bb_column_content_inner\"><div data-bb-version=\"5.5.3\" class=\"bt_bb_price_list bt_bb_color_scheme_6 btHasBgImage\" style=\"; --price-list-primary-color:#ffffff; --price-list-secondary-color:#3b7a00;\"><div class=\"bt_bb_price_list_content\" style = \"background-image:url('https:\/\/csc-westfalen.de\/wp-content\/uploads\/2019\/01\/elements-featured-image.jpg')\"><div class=\"bt_bb_price_list_title\">JEDEN MONAT 35+ GRAMM<\/div><div class=\"bt_bb_price_list_price\"><span class=\"bt_bb_price_list_currency\"><\/span><span class=\"bt_bb_price_list_amount\">Green<\/span><span class=\"bt_bb_price_list_price_text\">Loyalty Pack<\/span><\/div><div class=\"bt_bb_price_list_subtitle\">min. 35g feste Abnahme pro Monat. Alle Sorten nach Wunsch. W\u00e4hlbar ab 3 Monate Laufzeit.<\/div><\/div><ul><li class=\"included\">35g+ jeden Monat<br \/><\/li><li class=\"included\">Member Bonus<br \/><\/li><li class=\"included\">Alle Sorten w\u00e4hlbar<br \/><\/li><li class=\"excluded\">Teste als eine*r der Ersten neue Sorten<\/li><\/ul><\/div><\/div><\/div><\/div><div  class=\"bt_bb_column col-xxl-4 col-xl-4 bt_bb_vertical_align_top bt_bb_align_center bt_bb_padding_normal bt_bb_animation_fade_in animate\" style=\"; --column-width:4;\" data-width=\"4\" data-bt-override-class=\"{}\"><div class=\"bt_bb_column_content\" style=\"background-color:rgba(255, 255, 255, 1);\"><div class=\"bt_bb_column_content_inner\"><div data-bb-version=\"5.5.3\" class=\"bt_bb_price_list bt_bb_color_scheme_10\" style=\"; --price-list-primary-color:#ffffff; --price-list-secondary-color:#ffb330;\"><div class=\"bt_bb_price_list_content\" ><div class=\"bt_bb_price_list_title\">JEDEN MONAT 50 GRAMM<\/div><div class=\"bt_bb_price_list_price\"><span class=\"bt_bb_price_list_currency\"><\/span><span class=\"bt_bb_price_list_amount\">Gold<\/span><span class=\"bt_bb_price_list_price_text\">Loyalty Pack<\/span><\/div><div class=\"bt_bb_price_list_subtitle\">maximale 50g feste Abnahme pro Monat. Alle Sorten nach Wunsch. W\u00e4hlbar ab 3 Monate Laufzeit.<\/div><\/div><ul><li class=\"included\">50g jeden Monat<br \/><\/li><li class=\"included\">Member Bonus<br \/><\/li><li class=\"included\">Alle Sorten w\u00e4hlbar<br \/><\/li><li class=\"included\">Teste als eine*r der Ersten neue Sorten<\/li><\/ul><\/div><\/div><\/div><\/div><\/div><\/div><\/div><!-- cell_inner --><\/div><!-- cell --><\/div><!-- port --><\/section><section data-bb-version=\"5.5.3\" id=\"bt_bb_section69d7a67a77971\" class=\"bt_bb_section bt_bb_color_scheme_1 bt_bb_layout_boxed_1200 bt_bb_vertical_align_top bt_bb_background_overlay_dark_solid bt_bb_top_spacing_large bt_bb_bottom_spacing_medium\" style=\"; --section-primary-color:#ffffff; --section-secondary-color:#191919;\" data-bt-override-class=\"null\"><div class=\"bt_bb_background_image_holder_wrapper\"><div class=\"bt_bb_background_image_holder bt_bb_parallax\"  data-parallax=\"0.7\" data-parallax-offset=\"0\" data-parallax-zoom-start=\"1\" data-parallax-zoom-end=\"1\" data-parallax-blur-start=\"0\" data-parallax-blur-end=\"0\" data-parallax-opacity-start=\"1\" data-parallax-opacity-end=\"1\" style=\" background-image:url(&#039;https:\/\/csc-westfalen.de\/wp-content\/uploads\/2018\/09\/featured_image_shop.jpg&#039;);\"><\/div><\/div><div class=\"bt_bb_port\"><div class=\"bt_bb_cell\"><div class=\"bt_bb_cell_inner\"><div class=\"bt_bb_row \"  data-bt-override-class=\"{}\"><div class=\"bt_bb_row_holder\" ><div  class=\"bt_bb_column col-xxl-3 col-xl-3 bt_bb_vertical_align_top bt_bb_align_left bt_bb_padding_normal\" style=\"; --column-width:3;\" data-width=\"3\" data-bt-override-class=\"{}\"><div class=\"bt_bb_column_content\"><div class=\"bt_bb_column_content_inner\"><\/div><\/div><\/div><div  class=\"bt_bb_column col-xxl-6 col-xl-6 bt_bb_vertical_align_top bt_bb_align_center bt_bb_padding_normal bt_bb_animation_fade_in animate\" style=\"; --column-width:6;\" data-width=\"6\" data-bt-override-class=\"{}\"><div class=\"bt_bb_column_content\"><div class=\"bt_bb_column_content_inner\"><header data-bb-version=\"5.5.3\" class=\"bt_bb_headline bt_bb_dash_none bt_bb_size_large bt_bb_align_inherit\" data-bt-override-class=\"{}\"><h2><span class=\"bt_bb_headline_content\"><span >Unsere Partner<\/span><\/span><\/h2><\/header><div class=\"bt_bb_separator bt_bb_border_style_none bt_bb_bottom_spacing_small\" data-bt-override-class=\"null\"><\/div><div  class=\"bt_bb_text\" ><\/p>\n<p>Einige unserer Partner mit denen wir vertrauensvoll zusammenarbeiten.<\/p>\n<p>\n<\/div><\/div><\/div><\/div><div  class=\"bt_bb_column col-xxl-3 col-xl-3 bt_bb_vertical_align_top bt_bb_align_left bt_bb_padding_normal\" style=\"; --column-width:3;\" data-width=\"3\" data-bt-override-class=\"{}\"><div class=\"bt_bb_column_content\"><div class=\"bt_bb_column_content_inner\"><\/div><\/div><\/div><\/div><\/div><div class=\"bt_bb_row \"  data-bt-override-class=\"{}\"><div class=\"bt_bb_row_holder\" ><div  class=\"bt_bb_column col-xxl-12 col-xl-12 bt_bb_vertical_align_top bt_bb_align_left bt_bb_padding_normal\" style=\"; --column-width:12;\" data-width=\"12\" data-bt-override-class=\"{}\"><div class=\"bt_bb_column_content\"><div class=\"bt_bb_column_content_inner\"><div data-bb-version=\"5.5.3\" class=\"bt_bb_slider bt_bb_height_auto bt_bb_multiple_slides bt_bb_multiple_slides bt_bb_animation_slide animate\"><div class=\"slick-slider\"  data-slick='{ \"lazyLoad\": \"progressive\", \"cssEase\": \"ease-out\", \"speed\": \"300\", \"adaptiveHeight\": true, \"prevArrow\": \"\", \"nextArrow\": \"\",\"slidesToShow\": 6, \"autoplay\": true, \"autoplaySpeed\": 3000,\"slidesToShow\": 6, \"responsive\": [{ \"breakpoint\": 481, \"settings\": { \"slidesToShow\": 1, \"slidesToScroll\": 1 } },{ \"breakpoint\": 769, \"settings\": { \"slidesToShow\": 2, \"slidesToScroll\": 2 } },{ \"breakpoint\": 993, \"settings\": { \"slidesToShow\": 3, \"slidesToScroll\": 3 } },{ \"breakpoint\": 1201, \"settings\": { \"slidesToShow\": 6, \"slidesToScroll\": 6 } },{ \"breakpoint\": 1401, \"settings\": { \"slidesToShow\": 6, \"slidesToScroll\": 6 } }]}' ><div class=\"bt_bb_slider_item\" data-src-full=\"https:\/\/csc-westfalen.de\/wp-content\/uploads\/2025\/10\/partner_Cannabis_ausweis.png\"><img decoding=\"async\" src=\"https:\/\/csc-westfalen.de\/wp-content\/uploads\/2025\/10\/partner_Cannabis_ausweis.png\" alt=\"partner_Cannabis_ausweis\"  title=\"partner_Cannabis_ausweis\"><\/div><div class=\"bt_bb_slider_item\" data-src-full=\"https:\/\/csc-westfalen.de\/wp-content\/uploads\/2025\/10\/partner_cannanas-1.png\"><img decoding=\"async\" src=\"https:\/\/csc-westfalen.de\/wp-content\/uploads\/2025\/10\/partner_cannanas-1.png\" alt=\"partner_cannanas\"  title=\"partner_cannanas\"><\/div><div class=\"bt_bb_slider_item\" data-src-full=\"https:\/\/csc-westfalen.de\/wp-content\/uploads\/2025\/10\/partner_thejungle.png\"><img decoding=\"async\" src=\"https:\/\/csc-westfalen.de\/wp-content\/uploads\/2025\/10\/partner_thejungle.png\" alt=\"partner_thejungle\"  title=\"partner_thejungle\"><\/div><div class=\"bt_bb_slider_item\" data-src-full=\"https:\/\/csc-westfalen.de\/wp-content\/uploads\/2025\/10\/partner_budxxl-1.png\"><img decoding=\"async\" src=\"https:\/\/csc-westfalen.de\/wp-content\/uploads\/2025\/10\/partner_budxxl-1.png\" alt=\"partner_budxxl\"  title=\"partner_budxxl\"><\/div><\/div><\/div><\/div><\/div><\/div><\/div><\/div><\/div><!-- cell_inner --><\/div><!-- cell --><\/div><!-- port --><\/section><section id=\"bt_bb_section69d7a67a7852a\" class=\"bt_bb_section bt_bb_color_scheme_2 bt_bb_layout_boxed_1200 bt_bb_vertical_align_top bt_bb_top_spacing_large bt_bb_bottom_spacing_large\" style=\"; --section-primary-color:#191919; --section-secondary-color:#ffffff;\" data-bt-override-class=\"null\"><div class=\"bt_bb_port\"><div class=\"bt_bb_cell\"><div class=\"bt_bb_cell_inner\"><div class=\"bt_bb_row  bt_bb_column_gap_30\" style=\"; --column-gap:30px;\" data-bt-override-class=\"{}\"><div class=\"bt_bb_row_holder\" ><div  class=\"bt_bb_column col-xxl-2 col-xl-2 bt_bb_vertical_align_top bt_bb_align_left bt_bb_padding_normal\" style=\"; --column-width:2;\" data-width=\"2\" data-bt-override-class=\"{}\"><div class=\"bt_bb_column_content\"><div class=\"bt_bb_column_content_inner\"><\/div><\/div><\/div><div  class=\"bt_bb_column col-xxl-8 col-xl-8 bt_bb_vertical_align_top bt_bb_align_center bt_bb_padding_30 bt_bb_animation_fade_in animate\" style=\"; --column-width:8;\" data-width=\"8\" data-bt-override-class=\"{}\"><div class=\"bt_bb_column_content\"><div class=\"bt_bb_column_content_inner\"><div class=\"bt_bb_image bt_bb_shape_square bt_bb_target_self bt_bb_align_inherit bt_bb_hover_style_simple bt_bb_content_display_always bt_bb_content_align_middle\" data-bt-override-class=\"{}\"><span><img decoding=\"async\" width=\"45\" height=\"45\" src=\"https:\/\/csc-westfalen.de\/wp-content\/uploads\/2018\/12\/logo_leaf.png\" class=\"attachment-full size-full\" alt=\"https:\/\/csc-westfalen.de\/wp-content\/uploads\/2018\/12\/logo_leaf.png\" data-full_image_src=\"https:\/\/csc-westfalen.de\/wp-content\/uploads\/2018\/12\/logo_leaf.png\" title=\"logo_leaf\" loading=\"eager\" \/><\/span><\/div><div class=\"bt_bb_separator bt_bb_border_style_none bt_bb_bottom_spacing_extra_small\" data-bt-override-class=\"null\"><\/div><header data-bb-version=\"5.5.3\" class=\"bt_bb_headline bt_bb_color_scheme_11 bt_bb_dash_none bt_bb_size_normal bt_bb_align_inherit\" style=\"; --headline-primary-color:#414042; --headline-secondary-color:#f1f2f2;\" data-bt-override-class=\"{}\"><h2><span class=\"bt_bb_headline_content\"><span >Abonnieren<\/span><\/span><\/h2><\/header><div class=\"bt_bb_separator bt_bb_border_style_none bt_bb_bottom_spacing_small\" data-bt-override-class=\"null\"><\/div><div  class=\"bt_bb_text\" ><\/p>\n<p>Mit unserem Newsletter bleibst Du immer auf dem Laufenden.<\/p>\n<p>\n<\/div><div class=\"bt_bb_separator bt_bb_border_style_none bt_bb_bottom_spacing_normal\" data-bt-override-class=\"null\"><\/div><div data-bb-version=\"5.5.3\"  class=\"bt_bb_text\" ><\/p>\n<div class=\"wpcf7 no-js\" id=\"wpcf7-f1718-o1\" lang=\"en-US\" dir=\"ltr\" data-wpcf7-id=\"1718\">\n<div class=\"screen-reader-response\">\n<p role=\"status\" aria-live=\"polite\" aria-atomic=\"true\">\n<ul><\/ul>\n<\/div>\n<form action=\"\/index.php?rest_route=%2Fwp%2Fv2%2Fpages%2F1891#wpcf7-f1718-o1\" method=\"post\" class=\"wpcf7-form init\" aria-label=\"Contact form\" novalidate=\"novalidate\" data-status=\"init\">\n<fieldset class=\"hidden-fields-container\"><input type=\"hidden\" name=\"_wpcf7\" value=\"1718\" \/><input type=\"hidden\" name=\"_wpcf7_version\" value=\"6.1.3\" \/><input type=\"hidden\" name=\"_wpcf7_locale\" value=\"en_US\" \/><input type=\"hidden\" name=\"_wpcf7_unit_tag\" value=\"wpcf7-f1718-o1\" \/><input type=\"hidden\" name=\"_wpcf7_container_post\" value=\"0\" \/><input type=\"hidden\" name=\"_wpcf7_posted_data_hash\" value=\"\" \/><br \/>\n<\/fieldset>\n<div class=\"btNewsletter\">\n<div class=\"btNewsletterColumn\">\n<p><span class=\"wpcf7-form-control-wrap\" data-name=\"your-email\"><input size=\"40\" maxlength=\"400\" class=\"wpcf7-form-control wpcf7-email wpcf7-validates-as-required wpcf7-text wpcf7-validates-as-email\" aria-required=\"true\" aria-invalid=\"false\" placeholder=\"Your E-mail Address\" value=\"\" type=\"email\" name=\"your-email\" \/><\/span>\n\t\t<\/p>\n<\/p><\/div>\n<div class=\"btNewsletterButton\">\n<p><input class=\"wpcf7-form-control wpcf7-submit has-spinner\" type=\"submit\" value=\"SUBSCRIBE\" \/>\n\t\t<\/p>\n<\/p><\/div>\n<\/div>\n<div class=\"wpcf7-response-output\" aria-hidden=\"true\"><\/div>\n<\/form>\n<\/div>\n<p>\n<\/div><\/div><\/div><\/div><div  class=\"bt_bb_column col-xxl-2 col-xl-2 bt_bb_vertical_align_top bt_bb_align_left bt_bb_padding_normal\" style=\"; --column-width:2;\" data-width=\"2\" data-bt-override-class=\"{}\"><div class=\"bt_bb_column_content\"><div class=\"bt_bb_column_content_inner\"><\/div><\/div><\/div><\/div><\/div><\/div><!-- cell_inner --><\/div><!-- cell --><\/div><!-- port --><\/section><\/p>\n","protected":false},"excerpt":{"rendered":"","protected":false},"author":2,"featured_media":0,"parent":1885,"menu_order":0,"comment_status":"closed","ping_status":"closed","template":"","meta":{"footnotes":""},"class_list":["post-1891","page","type-page","status-publish","hentry"],"_links":{"self":[{"href":"https:\/\/csc-westfalen.de\/index.php?rest_route=\/wp\/v2\/pages\/1891","targetHints":{"allow":["GET"]}}],"collection":[{"href":"https:\/\/csc-westfalen.de\/index.php?rest_route=\/wp\/v2\/pages"}],"about":[{"href":"https:\/\/csc-westfalen.de\/index.php?rest_route=\/wp\/v2\/types\/page"}],"author":[{"embeddable":true,"href":"https:\/\/csc-westfalen.de\/index.php?rest_route=\/wp\/v2\/users\/2"}],"replies":[{"embeddable":true,"href":"https:\/\/csc-westfalen.de\/index.php?rest_route=%2Fwp%2Fv2%2Fcomments&post=1891"}],"version-history":[{"count":10,"href":"https:\/\/csc-westfalen.de\/index.php?rest_route=\/wp\/v2\/pages\/1891\/revisions"}],"predecessor-version":[{"id":3170,"href":"https:\/\/csc-westfalen.de\/index.php?rest_route=\/wp\/v2\/pages\/1891\/revisions\/3170"}],"up":[{"embeddable":true,"href":"https:\/\/csc-westfalen.de\/index.php?rest_route=\/wp\/v2\/pages\/1885"}],"wp:attachment":[{"href":"https:\/\/csc-westfalen.de\/index.php?rest_route=%2Fwp%2Fv2%2Fmedia&parent=1891"}],"curies":[{"name":"wp","href":"https:\/\/api.w.org\/{rel}","templated":true}]}}